{"id":2704,"date":"2023-12-15T16:23:10","date_gmt":"2023-12-15T15:23:10","guid":{"rendered":"https:\/\/www.openstor.net\/politique-de-confidentialite\/"},"modified":"2024-01-26T12:38:46","modified_gmt":"2024-01-26T11:38:46","slug":"politique-de-confidentialite","status":"publish","type":"page","link":"https:\/\/www.openstor.net\/fr\/politique-de-confidentialite\/","title":{"rendered":"Politique de confidentialit\u00e9"},"content":{"rendered":"[et_pb_section fb_built=\u00a0\u00bb1&Prime; admin_label=\u00a0\u00bbsection\u00a0\u00bb _builder_version=\u00a0\u00bb4.16&Prime; global_colors_info=\u00a0\u00bb{}\u00a0\u00bb][et_pb_row admin_label=\u00a0\u00bbrang\u00e9e\u00a0\u00bb _builder_version=\u00a0\u00bb4.16&Prime; background_size=\u00a0\u00bbinitial\u00a0\u00bb background_position=\u00a0\u00bbtop_left\u00a0\u00bb background_repeat=\u00a0\u00bbrepeat\u00a0\u00bb global_colors_info=\u00a0\u00bb{}\u00a0\u00bb][et_pb_column type=\u00a0\u00bb4_4&Prime; _builder_version=\u00a0\u00bb4.16&Prime; custom_padding=\u00a0\u00bb|||\u00a0\u00bb global_colors_info=\u00a0\u00bb{}\u00a0\u00bb custom_padding__hover=\u00a0\u00bb|||\u00a0\u00bb][et_pb_text admin_label=\u00a0\u00bbText\u00a0\u00bb _builder_version=\u00a0\u00bb4.23.1&Prime; background_size=\u00a0\u00bbinitial\u00a0\u00bb background_position=\u00a0\u00bbtop_left\u00a0\u00bb background_repeat=\u00a0\u00bbrepeat\u00a0\u00bb global_colors_info=\u00a0\u00bb{}\u00a0\u00bb]\n<p>Share Distribuzione Srl, dont le si\u00e8ge social se trouve \u00e0 San Giovanni Lupatoto (Vr), via Cesare Battisti, 242 CF et dont le num\u00e9ro de TVA est 02785080231 (ci-apr\u00e8s, \u00ab\u00a0le responsable du traitement\u00a0\u00bb), en qualit\u00e9 de responsable du traitement, vous informe que vos donn\u00e9es seront trait\u00e9es selon les modalit\u00e9s et pour les finalit\u00e9s suivantes :<\/p>\n<p><strong>Objet du traitement<\/strong><\/p>\n<p>Le contr\u00f4leur traite les donn\u00e9es d&rsquo;identification personnelle (par exemple, le nom, le pr\u00e9nom, la raison sociale, l&rsquo;adresse, le num\u00e9ro de t\u00e9l\u00e9phone, le courrier \u00e9lectronique, les r\u00e9f\u00e9rences bancaires et de paiement), ci-apr\u00e8s d\u00e9nomm\u00e9es \u00ab\u00a0donn\u00e9es personnelles\u00a0\u00bb ou \u00ab\u00a0donn\u00e9es\u00a0\u00bb, que vous avez communiqu\u00e9es dans le cadre de la conclusion de contrats portant sur les services du contr\u00f4leur.<\/p>\n<p><strong>Finalit\u00e9 du traitement<\/strong><\/p>\n<p>Vos donn\u00e9es personnelles sont trait\u00e9es :<\/p>\n<p>A) sans votre consentement expr\u00e8s, aux fins de service suivantes :<\/p>\n<ul>\n<li>conclure des contrats pour les services du contr\u00f4leur ;<\/li>\n<li>remplir les obligations pr\u00e9contractuelles, contractuelles et fiscales d\u00e9coulant des relations existantes avec vous ;<\/li>\n<li>se conformer aux obligations pr\u00e9vues par la loi, la r\u00e9glementation, la l\u00e9gislation de l&rsquo;UE ou une ordonnance de l&rsquo;Autorit\u00e9 (comme la lutte contre le blanchiment d&rsquo;argent) ;<\/li>\n<li>collecter et traiter dans le but ultime de r\u00e9pondre \u00e0 vos demandes d&rsquo;information, de devis, d&rsquo;assistance technique et de bons de commande que vous envoyez via les formulaires de contact du site web <a href=\"https:\/\/www.openstor.net\/fr\/\">www.openstor.net<\/a>.<\/li>\n<li>exercer les droits du contr\u00f4leur, tels que le droit de d\u00e9fense devant les tribunaux ;<\/li>\n<\/ul>\n<p>B) uniquement avec votre consentement sp\u00e9cifique et distinct aux fins suivantes :<\/p>\n<ul>\n<li>vous envoyer par courrier \u00e9lectronique, courrier postal et\/ou SMS et\/ou contact t\u00e9l\u00e9phonique, des bulletins d&rsquo;information, des communications commerciales et\/ou du mat\u00e9riel publicitaire sur les produits ou services offerts par le contr\u00f4leur \u00e0 des fins de marketing ;<\/li>\n<li>enqu\u00eate de satisfaction sur la qualit\u00e9 des services ;<\/li>\n<li>vous envoyer par e-mail, courrier et\/ou SMS et\/ou contact t\u00e9l\u00e9phonique, des lettres d&rsquo;information, des communications commerciales et\/ou promotionnelles de la part de tiers.<\/li>\n<\/ul>\n<p><strong>Modes de traitement<\/strong><\/p>\n<p>Le traitement de vos donn\u00e9es personnelles est effectu\u00e9 au moyen des op\u00e9rations indiqu\u00e9es \u00e0 l&rsquo;art. 4 n. 2) GDPR et plus particuli\u00e8rement : collecte, enregistrement, organisation, stockage, consultation, traitement, modification, s\u00e9lection, extraction, comparaison, utilisation, interconnexion, blocage, communication, suppression et destruction des donn\u00e9es. Vos donn\u00e9es personnelles font l&rsquo;objet d&rsquo;un traitement sur papier et d&rsquo;un traitement \u00e9lectronique et\/ou automatis\u00e9.<\/p>\n<p>Le responsable du traitement traite les donn\u00e9es \u00e0 caract\u00e8re personnel pendant le temps n\u00e9cessaire \u00e0 la r\u00e9alisation des objectifs d\u00e9crits ci-dessus et les supprime ensuite ; en tout \u00e9tat de cause, elles sont supprim\u00e9es conform\u00e9ment aux d\u00e9lais de conservation pr\u00e9vus par la loi.<\/p>\n<p><strong>Acc\u00e8s aux donn\u00e9es<\/strong><\/p>\n<p>Vos donn\u00e9es peuvent \u00eatre rendues accessibles aux fins \u00e9nonc\u00e9es \u00e0 l&rsquo;art. 2.A) et 2.B) :<\/p>\n<ul>\n<li>les employ\u00e9s du propri\u00e9taire en tant que personnel administratif, technique, commercial et de secr\u00e9tariat ;<\/li>\n<li>les soci\u00e9t\u00e9s\/entreprises professionnelles qui fournissent au responsable du traitement des donn\u00e9es une assistance, un conseil ou une collaboration en mati\u00e8re comptable, administrative, fiscale, juridique et financi\u00e8re ;<\/li>\n<li>les prestataires de services tiers auxquels la communication est n\u00e9cessaire pour l&rsquo;ex\u00e9cution des services couverts par le contrat, y compris donc le traitement visant \u00e0 \u00e9tablir votre fiabilit\u00e9 pour les transactions commerciales et financi\u00e8res.<\/li>\n<\/ul>\n<p><strong>Transfert de donn\u00e9es<\/strong><\/p>\n<p>Les donn\u00e9es personnelles ne seront transf\u00e9r\u00e9es vers des pays tiers, \u00e9galement en dehors de l&rsquo;UE, que si cela est n\u00e9cessaire \u00e0 l&rsquo;ex\u00e9cution du contrat.<\/p>\n<p><strong>Nature des donn\u00e9es fournies et cons\u00e9quences d&rsquo;un refus de r\u00e9pondre<\/strong><\/p>\n<p>La fourniture de donn\u00e9es aux fins de l&rsquo;art. 2.A) est obligatoire. En leur absence, nous ne pourrons pas vous garantir les services de l&rsquo;art. 2.A).<\/p>\n<p>La fourniture de donn\u00e9es aux fins de l&rsquo;art. 2.B) est facultatif. Vous pouvez donc d\u00e9cider de ne pas fournir de donn\u00e9es ou de refuser la possibilit\u00e9 de traiter ult\u00e9rieurement les donn\u00e9es d\u00e9j\u00e0 fournies. Il continuera toutefois \u00e0 avoir droit aux services vis\u00e9s \u00e0 l&rsquo;art. 2.A).<\/p>\n<p><strong>Droits de la personne concern\u00e9e<\/strong><\/p>\n<p>En tant que personne concern\u00e9e, vous disposez des droits pr\u00e9vus \u00e0 l&rsquo;article 15 GDPR et sp\u00e9cifiquement les droits \u00e0 :<\/p>\n<ul>\n<li>obtenir la confirmation de l&rsquo;existence ou non de donn\u00e9es \u00e0 caract\u00e8re personnel vous concernant, m\u00eame si elles n&rsquo;ont pas encore \u00e9t\u00e9 enregistr\u00e9es, et leur communication sous forme intelligible ;<\/li>\n<li>obtenir l&rsquo;indication : (a) l&rsquo;origine des donn\u00e9es \u00e0 caract\u00e8re personnel ; (b) les finalit\u00e9s et les modalit\u00e9s du traitement ; (c) la logique appliqu\u00e9e en cas de traitement effectu\u00e9 \u00e0 l&rsquo;aide d&rsquo;instruments \u00e9lectroniques ; (d) les donn\u00e9es d&rsquo;identification du d\u00e9tenteur, des personnes responsables et du repr\u00e9sentant d\u00e9sign\u00e9 conform\u00e9ment \u00e0 l&rsquo;art. 5(2) du Code de la protection de la vie priv\u00e9e et Art. 3(1) du GDPR ; e) les sujets ou les cat\u00e9gories de sujets auxquels les donn\u00e9es personnelles peuvent \u00eatre communiqu\u00e9es ou qui peuvent en prendre connaissance en qualit\u00e9 de repr\u00e9sentant d\u00e9sign\u00e9 sur le territoire de l&rsquo;Etat, de responsables ou de mandataires ;<\/li>\n<li>obtenir : (a) la mise \u00e0 jour, la rectification ou, le cas \u00e9ch\u00e9ant, l&rsquo;int\u00e9gration des donn\u00e9es ; b) la suppression, la transformation sous forme anonyme ou le verrouillage des donn\u00e9es trait\u00e9es en violation de la loi, y compris les donn\u00e9es dont la conservation n&rsquo;est pas n\u00e9cessaire au regard des finalit\u00e9s pour lesquelles elles ont \u00e9t\u00e9 collect\u00e9es ou trait\u00e9es ult\u00e9rieurement ; (c) l&rsquo;attestation que les transactions vis\u00e9es aux points (a) et (b) ont \u00e9t\u00e9 port\u00e9es \u00e0 la connaissance, y compris en ce qui concerne leur contenu, des personnes auxquelles les donn\u00e9es ont \u00e9t\u00e9 communiqu\u00e9es ou diffus\u00e9es, sauf si cela s&rsquo;av\u00e8re impossible ou implique un effort manifestement disproportionn\u00e9 par rapport au droit prot\u00e9g\u00e9 ;<\/li>\n<li>l&rsquo;objet en tout ou en partie : a) pour des motifs l\u00e9gitimes de traiter des donn\u00e9es \u00e0 caract\u00e8re personnel vous concernant, m\u00eame si elles sont pertinentes au regard de la finalit\u00e9 de la collecte ; b) le traitement des donn\u00e9es personnelles vous concernant en vue de l&rsquo;envoi de mat\u00e9riel publicitaire ou de vente directe ou de la r\u00e9alisation d&rsquo;\u00e9tudes de march\u00e9 ou de communications commerciales, par l&rsquo;utilisation de syst\u00e8mes d&rsquo;appel automatis\u00e9s sans l&rsquo;intervention d&rsquo;un op\u00e9rateur, par courrier \u00e9lectronique et\/ou par des m\u00e9thodes de marketing traditionnelles par t\u00e9l\u00e9phone et\/ou par courrier papier. Il convient de noter que le droit d&rsquo;opposition de la personne concern\u00e9e, \u00e9nonc\u00e9 au point pr\u00e9c\u00e9dent (b) la finalit\u00e9 de la prospection directe par des moyens automatis\u00e9s est \u00e9tendue \u00e0 la prospection traditionnelle et que, en tout \u00e9tat de cause, la possibilit\u00e9 pour la personne concern\u00e9e d&rsquo;exercer son droit d&rsquo;opposition, m\u00eame en partie, n&rsquo;est pas affect\u00e9e. Par cons\u00e9quent, la personne concern\u00e9e peut d\u00e9cider de recevoir uniquement des communications par des moyens traditionnels ou uniquement des communications automatis\u00e9es, ou encore aucun des deux.<\/li>\n<\/ul>\n<p>Le cas \u00e9ch\u00e9ant, vous disposez \u00e9galement des droits \u00e9nonc\u00e9s aux articles 16 \u00e0 21 du RGPD (droit de rectification, droit \u00e0 l&rsquo;oubli, droit \u00e0 la limitation du traitement, droit \u00e0 la portabilit\u00e9 des donn\u00e9es, droit d&rsquo;opposition), ainsi que du droit de d\u00e9poser une plainte aupr\u00e8s de l&rsquo;autorit\u00e9 charg\u00e9e de la protection des donn\u00e9es.<\/p>\n<p><strong>Modalit\u00e9s d&rsquo;exercice des droits<\/strong><\/p>\n<p>Vous pouvez exercer vos droits \u00e0 tout moment en envoyant une lettre recommand\u00e9e avec accus\u00e9 de r\u00e9ception \u00e0 Share Distribuzione Srl &#8211; via Cesare Battisti, 242 &#8211; 37057 San Giovanni Lupatoto (VR), ou un courriel \u00e0 l&rsquo;adresse du PEC : info@pec.shared.it.<\/p>\n<p><strong>Propri\u00e9taire, gestionnaire et personnes d\u00e9sign\u00e9es<\/strong><\/p>\n<p>Le contr\u00f4leur des donn\u00e9es est Share Distribuzione Srl, dont le si\u00e8ge social se trouve \u00e0 San Giovanni Lupatoto (VR), via Cesare Battisti, 242 CF, et dont le num\u00e9ro de TVA est 02785080231.<\/p>\n<p>La liste actualis\u00e9e des sous-traitants et des personnes charg\u00e9es du traitement des donn\u00e9es est conserv\u00e9e au si\u00e8ge du responsable du traitement des donn\u00e9es.<\/p>\n[\/et_pb_text][\/et_pb_column][\/et_pb_row][\/et_pb_section]\n","protected":false},"excerpt":{"rendered":"<p>Share Distribuzione Srl, dont le si\u00e8ge social se trouve \u00e0 San Giovanni Lupatoto (Vr), via Cesare Battisti, 242 CF et dont le num\u00e9ro de TVA est 02785080231 (ci-apr\u00e8s, \u00ab\u00a0le responsable du traitement\u00a0\u00bb), en qualit\u00e9 de responsable du traitement, vous informe que vos donn\u00e9es seront trait\u00e9es selon les modalit\u00e9s et pour les finalit\u00e9s suivantes : Objet [&hellip;]<\/p>\n","protected":false},"author":2,"featured_media":0,"parent":0,"menu_order":0,"comment_status":"closed","ping_status":"closed","template":"","meta":{"_et_pb_use_builder":"on","_et_pb_old_content":"","_et_gb_content_width":"","footnotes":""},"class_list":["post-2704","page","type-page","status-publish","hentry"],"yoast_head":"<!-- This site is optimized with the Yoast SEO plugin v27.4 - https:\/\/yoast.com\/product\/yoast-seo-wordpress\/ -->\n<title>Politique de confidentialit\u00e9 - Sistemi di iperconvergenza OpenStor<\/title>\n<meta name=\"robots\" content=\"index, follow, max-snippet:-1, max-image-preview:large, max-video-preview:-1\" \/>\n<link rel=\"canonical\" href=\"https:\/\/127.0.0.1\/privacy-policy\/\" \/>\n<meta property=\"og:locale\" content=\"fr_FR\" \/>\n<meta property=\"og:type\" content=\"article\" \/>\n<meta property=\"og:title\" content=\"Politique de confidentialit\u00e9 - Sistemi di iperconvergenza OpenStor\" \/>\n<meta property=\"og:description\" content=\"Share Distribuzione Srl, dont le si\u00e8ge social se trouve \u00e0 San Giovanni Lupatoto (Vr), via Cesare Battisti, 242 CF et dont le num\u00e9ro de TVA est 02785080231 (ci-apr\u00e8s, &quot;le responsable du traitement&quot;), en qualit\u00e9 de responsable du traitement, vous informe que vos donn\u00e9es seront trait\u00e9es selon les modalit\u00e9s et pour les finalit\u00e9s suivantes : Objet [&hellip;]\" \/>\n<meta property=\"og:url\" content=\"https:\/\/127.0.0.1\/privacy-policy\/\" \/>\n<meta property=\"og:site_name\" content=\"Sistemi di iperconvergenza OpenStor\" \/>\n<meta property=\"article:modified_time\" content=\"2024-01-26T11:38:46+00:00\" \/>\n<meta name=\"twitter:card\" content=\"summary_large_image\" \/>\n<meta name=\"twitter:label1\" content=\"Dur\u00e9e de lecture estim\u00e9e\" \/>\n\t<meta name=\"twitter:data1\" content=\"7 minutes\" \/>\n<script type=\"application\/ld+json\" class=\"yoast-schema-graph\">{\"@context\":\"https:\\\/\\\/schema.org\",\"@graph\":[{\"@type\":\"WebPage\",\"@id\":\"https:\\\/\\\/127.0.0.1\\\/privacy-policy\\\/\",\"url\":\"https:\\\/\\\/127.0.0.1\\\/privacy-policy\\\/\",\"name\":\"Politique de confidentialit\u00e9 - Sistemi di iperconvergenza OpenStor\",\"isPartOf\":{\"@id\":\"https:\\\/\\\/www.openstor.net\\\/en\\\/#website\"},\"datePublished\":\"2023-12-15T15:23:10+00:00\",\"dateModified\":\"2024-01-26T11:38:46+00:00\",\"breadcrumb\":{\"@id\":\"https:\\\/\\\/127.0.0.1\\\/privacy-policy\\\/#breadcrumb\"},\"inLanguage\":\"fr-FR\",\"potentialAction\":[{\"@type\":\"ReadAction\",\"target\":[\"https:\\\/\\\/127.0.0.1\\\/privacy-policy\\\/\"]}]},{\"@type\":\"BreadcrumbList\",\"@id\":\"https:\\\/\\\/127.0.0.1\\\/privacy-policy\\\/#breadcrumb\",\"itemListElement\":[{\"@type\":\"ListItem\",\"position\":1,\"name\":\"Home\",\"item\":\"https:\\\/\\\/openstor.net\\\/\"},{\"@type\":\"ListItem\",\"position\":2,\"name\":\"Politique de confidentialit\u00e9\"}]},{\"@type\":\"WebSite\",\"@id\":\"https:\\\/\\\/www.openstor.net\\\/en\\\/#website\",\"url\":\"https:\\\/\\\/www.openstor.net\\\/en\\\/\",\"name\":\"Sistemi di iperconvergenza OpenStor\",\"description\":\"\",\"potentialAction\":[{\"@type\":\"SearchAction\",\"target\":{\"@type\":\"EntryPoint\",\"urlTemplate\":\"https:\\\/\\\/www.openstor.net\\\/en\\\/?s={search_term_string}\"},\"query-input\":{\"@type\":\"PropertyValueSpecification\",\"valueRequired\":true,\"valueName\":\"search_term_string\"}}],\"inLanguage\":\"fr-FR\"}]}<\/script>\n<!-- \/ Yoast SEO plugin. -->","yoast_head_json":{"title":"Politique de confidentialit\u00e9 - Sistemi di iperconvergenza OpenStor","robots":{"index":"index","follow":"follow","max-snippet":"max-snippet:-1","max-image-preview":"max-image-preview:large","max-video-preview":"max-video-preview:-1"},"canonical":"https:\/\/127.0.0.1\/privacy-policy\/","og_locale":"fr_FR","og_type":"article","og_title":"Politique de confidentialit\u00e9 - Sistemi di iperconvergenza OpenStor","og_description":"Share Distribuzione Srl, dont le si\u00e8ge social se trouve \u00e0 San Giovanni Lupatoto (Vr), via Cesare Battisti, 242 CF et dont le num\u00e9ro de TVA est 02785080231 (ci-apr\u00e8s, \"le responsable du traitement\"), en qualit\u00e9 de responsable du traitement, vous informe que vos donn\u00e9es seront trait\u00e9es selon les modalit\u00e9s et pour les finalit\u00e9s suivantes : Objet [&hellip;]","og_url":"https:\/\/127.0.0.1\/privacy-policy\/","og_site_name":"Sistemi di iperconvergenza OpenStor","article_modified_time":"2024-01-26T11:38:46+00:00","twitter_card":"summary_large_image","twitter_misc":{"Dur\u00e9e de lecture estim\u00e9e":"7 minutes"},"schema":{"@context":"https:\/\/schema.org","@graph":[{"@type":"WebPage","@id":"https:\/\/127.0.0.1\/privacy-policy\/","url":"https:\/\/127.0.0.1\/privacy-policy\/","name":"Politique de confidentialit\u00e9 - Sistemi di iperconvergenza OpenStor","isPartOf":{"@id":"https:\/\/www.openstor.net\/en\/#website"},"datePublished":"2023-12-15T15:23:10+00:00","dateModified":"2024-01-26T11:38:46+00:00","breadcrumb":{"@id":"https:\/\/127.0.0.1\/privacy-policy\/#breadcrumb"},"inLanguage":"fr-FR","potentialAction":[{"@type":"ReadAction","target":["https:\/\/127.0.0.1\/privacy-policy\/"]}]},{"@type":"BreadcrumbList","@id":"https:\/\/127.0.0.1\/privacy-policy\/#breadcrumb","itemListElement":[{"@type":"ListItem","position":1,"name":"Home","item":"https:\/\/openstor.net\/"},{"@type":"ListItem","position":2,"name":"Politique de confidentialit\u00e9"}]},{"@type":"WebSite","@id":"https:\/\/www.openstor.net\/en\/#website","url":"https:\/\/www.openstor.net\/en\/","name":"Sistemi di iperconvergenza OpenStor","description":"","potentialAction":[{"@type":"SearchAction","target":{"@type":"EntryPoint","urlTemplate":"https:\/\/www.openstor.net\/en\/?s={search_term_string}"},"query-input":{"@type":"PropertyValueSpecification","valueRequired":true,"valueName":"search_term_string"}}],"inLanguage":"fr-FR"}]}},"_links":{"self":[{"href":"https:\/\/www.openstor.net\/fr\/wp-json\/wp\/v2\/pages\/2704","targetHints":{"allow":["GET"]}}],"collection":[{"href":"https:\/\/www.openstor.net\/fr\/wp-json\/wp\/v2\/pages"}],"about":[{"href":"https:\/\/www.openstor.net\/fr\/wp-json\/wp\/v2\/types\/page"}],"author":[{"embeddable":true,"href":"https:\/\/www.openstor.net\/fr\/wp-json\/wp\/v2\/users\/2"}],"replies":[{"embeddable":true,"href":"https:\/\/www.openstor.net\/fr\/wp-json\/wp\/v2\/comments?post=2704"}],"version-history":[{"count":5,"href":"https:\/\/www.openstor.net\/fr\/wp-json\/wp\/v2\/pages\/2704\/revisions"}],"predecessor-version":[{"id":2709,"href":"https:\/\/www.openstor.net\/fr\/wp-json\/wp\/v2\/pages\/2704\/revisions\/2709"}],"wp:attachment":[{"href":"https:\/\/www.openstor.net\/fr\/wp-json\/wp\/v2\/media?parent=2704"}],"curies":[{"name":"wp","href":"https:\/\/api.w.org\/{rel}","templated":true}]}}