{"id":2710,"date":"2023-12-15T16:23:10","date_gmt":"2023-12-15T15:23:10","guid":{"rendered":"https:\/\/www.openstor.net\/datenschutzbestimmungen\/"},"modified":"2024-01-26T12:39:11","modified_gmt":"2024-01-26T11:39:11","slug":"datenschutzbestimmungen","status":"publish","type":"page","link":"https:\/\/www.openstor.net\/de\/datenschutzbestimmungen\/","title":{"rendered":"Datenschutzbestimmungen"},"content":{"rendered":"[et_pb_section fb_built=&#8220;1&#8243; admin_label=&#8220;section&#8220; _builder_version=&#8220;4.16&#8243; global_colors_info=&#8220;{}&#8220;][et_pb_row admin_label=&#8220;Zeile&#8220; _builder_version=&#8220;4.16&#8243; background_size=&#8220;initial&#8220; background_position=&#8220;top_left&#8220; background_repeat=&#8220;repeat&#8220; global_colors_info=&#8220;{}&#8220;][et_pb_column type=&#8220;4_4&#8243; _builder_version=&#8220;4.16&#8243; custom_padding=&#8220;|||&#8220; global_colors_info=&#8220;{}&#8220; custom_padding__hover=&#8220;|||&#8220;][et_pb_text admin_label=&#8220;Text&#8220; _builder_version=&#8220;4.23.1&#8243; background_size=&#8220;initial&#8220; background_position=&#8220;top_left&#8220; background_repeat=&#8220;repeat&#8220; global_colors_info=&#8220;{}&#8220;]\n<p>Share Distribuzione Srl mit Sitz in San Giovanni Lupatoto (Vr), via Cesare Battisti, 242 CF und USt.-Nr. 02785080231 (im Folgenden &#8222;Inhaber der Datenverarbeitung&#8220;), in seiner Eigenschaft als Datenverarbeiter, informiert Sie, dass Ihre Daten auf folgende Weise und zu folgenden Zwecken verarbeitet werden:<\/p>\n<p><strong>Gegenstand der Verarbeitung<\/strong><\/p>\n<p>Der f\u00fcr die Verarbeitung Verantwortliche verarbeitet personenbezogene Identifikationsdaten (z. B. Name, Vorname, Firmenname, Adresse, Telefonnummer, E-Mail, Bank- und Zahlungsreferenzen), im Folgenden als &#8222;personenbezogene Daten&#8220; oder &#8222;Daten&#8220; bezeichnet, die Sie ihm im Zusammenhang mit dem Abschluss von Vertr\u00e4gen \u00fcber Dienstleistungen des f\u00fcr die Verarbeitung Verantwortlichen mitteilen.<\/p>\n<p><strong>Zweck der Verarbeitung<\/strong><\/p>\n<p>Ihre personenbezogenen Daten werden verarbeitet:<\/p>\n<p>A) ohne Ihre ausdr\u00fcckliche Zustimmung f\u00fcr die folgenden Servicezwecke:<\/p>\n<ul>\n<li>Abschluss von Vertr\u00e4gen f\u00fcr die Dienstleistungen des Controllers;<\/li>\n<li>vorvertragliche, vertragliche und steuerliche Verpflichtungen zu erf\u00fcllen, die sich aus bestehenden Beziehungen zu Ihnen ergeben;<\/li>\n<li>Erf\u00fcllung von Verpflichtungen, die sich aus Gesetzen, Verordnungen, EU-Rechtsvorschriften oder einer Anordnung der Beh\u00f6rde ergeben (z. B. zur Bek\u00e4mpfung der Geldw\u00e4sche);<\/li>\n<li>sammeln und verarbeiten, um Ihre Anfragen nach Informationen, Angeboten, technischer Unterst\u00fctzung und Bestellungen, die Sie \u00fcber die Kontaktformulare auf der Website <a href=\"https:\/\/www.openstor.net\/de\/\">www.openstor.net<\/a> senden, zu erf\u00fcllen.<\/li>\n<li>die Rechte des f\u00fcr die Verarbeitung Verantwortlichen wahrzunehmen, wie etwa das Recht auf Verteidigung vor Gericht;<\/li>\n<\/ul>\n<p>B) Nur mit Ihrer ausdr\u00fccklichen und gesonderten Zustimmung f\u00fcr die folgenden Zwecke:<\/p>\n<ul>\n<li>Ihnen per E-Mail, Post und\/oder SMS und\/oder Telefonkontakt Newsletter, kommerzielle Mitteilungen und\/oder Werbematerial \u00fcber Produkte oder Dienstleistungen, die von dem f\u00fcr die Verarbeitung Verantwortlichen angeboten werden, zu Marketingzwecken zu senden;<\/li>\n<li>Zufriedenheitsumfrage \u00fcber die Qualit\u00e4t der Dienstleistungen;<\/li>\n<li>Ihnen per E-Mail, Post und\/oder Textnachricht und\/oder Telefonkontakt, Newsletter, kommerzielle und\/oder werbliche Mitteilungen von Dritten zu senden.<\/li>\n<\/ul>\n<p><strong>Behandlungsmethoden<\/strong><\/p>\n<p>Die Verarbeitung Ihrer personenbezogenen Daten erfolgt mittels der in Art. 4 n. 2) GDPR und insbesondere: Erhebung, Aufzeichnung, Organisation, Speicherung, Abfrage, Verarbeitung, \u00c4nderung, Auswahl, Extraktion, Vergleich, Verwendung, Verkn\u00fcpfung, Sperrung, Kommunikation, L\u00f6schung und Vernichtung von Daten. Ihre personenbezogenen Daten werden sowohl in Papierform als auch elektronisch und\/oder automatisiert verarbeitet.<\/p>\n<p>Der f\u00fcr die Verarbeitung Verantwortliche verarbeitet personenbezogene Daten nur so lange, wie es f\u00fcr die oben beschriebenen Zwecke erforderlich ist, und l\u00f6scht sie anschlie\u00dfend; in jedem Fall werden sie gem\u00e4\u00df den gesetzlich vorgeschriebenen Aufbewahrungsfristen gel\u00f6scht.<\/p>\n<p><strong>Zugang zu den Daten<\/strong><\/p>\n<p>Ihre Daten k\u00f6nnen zu den in Art. 2.A) und 2.B):<\/p>\n<ul>\n<li>Angestellte des Eigent\u00fcmers als Verwaltungs-, technisches, kaufm\u00e4nnisches und Sekretariatspersonal;<\/li>\n<li>Unternehmen\/Firmen, die den f\u00fcr die Datenverarbeitung Verantwortlichen in buchhalterischen, administrativen, steuerlichen, rechtlichen und finanziellen Angelegenheiten unterst\u00fctzen, beraten oder mit ihm zusammenarbeiten;<\/li>\n<li>dritte Dienstleister, an die die Mitteilung f\u00fcr die Erbringung der vertragsgegenst\u00e4ndlichen Dienstleistungen erforderlich ist, also auch f\u00fcr die Verarbeitung zur Feststellung Ihrer Zuverl\u00e4ssigkeit bei gesch\u00e4ftlichen und finanziellen Transaktionen.<\/li>\n<\/ul>\n<p><strong>Daten\u00fcbertragung<\/strong><\/p>\n<p>Personenbezogene Daten werden nur dann in Drittl\u00e4nder, auch au\u00dferhalb der EU, \u00fcbermittelt, wenn dies f\u00fcr die Durchf\u00fchrung des Vertrags erforderlich ist.<\/p>\n<p><strong>Art der Datenbereitstellung und Folgen einer Antwortverweigerung<\/strong><\/p>\n<p>Die Bereitstellung von Daten f\u00fcr die Zwecke von Art. 2.A) ist obligatorisch. In Ermangelung dessen k\u00f6nnen wir Ihnen nicht die Dienstleistungen von Art. 2.A).<\/p>\n<p>Die Bereitstellung von Daten f\u00fcr die Zwecke von Art. 2.B) ist fakultativ. Sie k\u00f6nnen daher beschlie\u00dfen, keine Daten zu \u00fcbermitteln oder die M\u00f6glichkeit der Verarbeitung bereits \u00fcbermittelter Daten zu einem sp\u00e4teren Zeitpunkt abzulehnen. Er hat jedoch weiterhin Anspruch auf die in Artikel 1 genannten Leistungen. 2.A).<\/p>\n<p><strong>Rechte der betroffenen Person<\/strong><\/p>\n<p>Als betroffene Person haben Sie die Rechte nach Art. 15 GDPR und insbesondere die Rechte auf:<\/p>\n<ul>\n<li>eine Best\u00e4tigung \u00fcber das Vorhandensein oder Nichtvorhandensein Sie betreffender personenbezogener Daten zu erhalten, auch wenn diese noch nicht gespeichert wurden, sowie deren Mitteilung in verst\u00e4ndlicher Form;<\/li>\n<li>den Hinweis zu erhalten: (a) die Herkunft der personenbezogenen Daten; (b) die Zwecke und Methoden der Verarbeitung; (c) die angewandte Logik im Falle einer Verarbeitung mit Hilfe elektronischer Instrumente; (d) die Angaben zur Identifizierung des Inhabers, der verantwortlichen Personen und des gem\u00e4\u00df Artikel 3 benannten Vertreters. 5(2) Datenschutzgesetz und Art. 3(1) GDPR; e) die Personen oder Kategorien von Personen, denen die personenbezogenen Daten \u00fcbermittelt werden k\u00f6nnen oder die in ihrer Eigenschaft als im Staatsgebiet namhaft gemachte Vertreter, als Verantwortliche oder Beauftragte davon Kenntnis erlangen k\u00f6nnen;<\/li>\n<li>erhalten: (a) die Aktualisierung, die Berichtigung oder, sofern daran ein Interesse besteht, die Erg\u00e4nzung der Daten; b) zu verlangen, dass widerrechtlich verarbeitete Daten gel\u00f6scht, anonymisiert oder gesperrt werden; dies gilt auch f\u00fcr Daten, deren Aufbewahrung f\u00fcr die Zwecke, f\u00fcr die sie erhoben oder sp\u00e4ter verarbeitet wurden, nicht erforderlich ist; (c) eine Bescheinigung dar\u00fcber, dass die unter den folgenden Nummern genannten Vorg\u00e4nge (a) und (b) denjenigen, denen die Daten mitgeteilt oder \u00fcbermittelt wurden, auch hinsichtlich ihres Inhalts zur Kenntnis gebracht worden sind, es sei denn, dass sich dies als unm\u00f6glich erweist oder einen im Verh\u00e4ltnis zum gesch\u00fctzten Recht offensichtlich unverh\u00e4ltnism\u00e4\u00dfigen Aufwand erfordert;<\/li>\n<li>Gegenstand ganz oder teilweise: a) aus legitimen Gr\u00fcnden, um Sie betreffende personenbezogene Daten zu verarbeiten, auch wenn sie f\u00fcr den Zweck der Erhebung relevant sind; b) die Verarbeitung Sie betreffender personenbezogener Daten zum Zwecke der Zusendung von Werbe- oder Direktverkaufsmaterial oder zur Durchf\u00fchrung von Marktforschungen oder kommerziellen Mitteilungen durch den Einsatz automatisierter Anrufsysteme ohne Einschaltung eines Bedieners per E-Mail und\/oder durch herk\u00f6mmliche Marketingmethoden per Telefon und\/oder Papierpost. Es wird darauf hingewiesen, dass das unter dem vorangehenden Punkt dargelegte Widerspruchsrecht der betroffenen Person (b) zum Zwecke der Direktwerbung mit automatisierten Mitteln auf die herk\u00f6mmliche Vermarktung ausgedehnt wird und dass in jedem Fall die M\u00f6glichkeit f\u00fcr die betroffene Person, ihr Widerspruchsrecht, auch teilweise, auszu\u00fcben, unber\u00fchrt bleibt. Daher kann die betroffene Person entscheiden, ob sie nur Mitteilungen auf herk\u00f6mmlichem Wege oder nur automatisierte Mitteilungen erhalten m\u00f6chte oder keines von beiden.<\/li>\n<\/ul>\n<p>Gegebenenfalls haben Sie auch die in den Artikeln 16-21 DSGVO festgelegten Rechte (Recht auf Berichtigung, Recht auf Vergessenwerden, Recht auf Einschr\u00e4nkung der Verarbeitung, Recht auf Daten\u00fcbertragbarkeit, Recht auf Widerspruch) sowie das Recht, sich bei der Datenschutzbeh\u00f6rde zu beschweren.<\/p>\n<p><strong>Methoden der Rechtsaus\u00fcbung<\/strong><\/p>\n<p>Sie k\u00f6nnen Ihre Rechte jederzeit aus\u00fcben, indem Sie ein Einschreiben mit R\u00fcckschein an Share Distribuzione Srl &#8211; via Cesare Battisti, 242 &#8211; 37057 San Giovanni Lupatoto (VR), oder eine E-Mail an die PEC-Adresse info@pec.shared.it schicken.<\/p>\n<p><strong>Eigent\u00fcmer, Gesch\u00e4ftsf\u00fchrer und Beauftragte<\/strong><\/p>\n<p>Der Inhaber der Datenverarbeitung ist Share Distribuzione Srl mit Sitz in San Giovanni Lupatoto (VR) in der Via Cesare Battisti, 242 CF und der MwSt.-Nr. 02785080231.<\/p>\n<p>Die aktuelle Liste der Datenverarbeiter und der mit der Verarbeitung beauftragten Personen wird am Sitz des f\u00fcr die Verarbeitung Verantwortlichen aufbewahrt.<\/p>\n[\/et_pb_text][\/et_pb_column][\/et_pb_row][\/et_pb_section]\n","protected":false},"excerpt":{"rendered":"<p>Share Distribuzione Srl mit Sitz in San Giovanni Lupatoto (Vr), via Cesare Battisti, 242 CF und USt.-Nr. 02785080231 (im Folgenden &#8222;Inhaber der Datenverarbeitung&#8220;), in seiner Eigenschaft als Datenverarbeiter, informiert Sie, dass Ihre Daten auf folgende Weise und zu folgenden Zwecken verarbeitet werden: Gegenstand der Verarbeitung Der f\u00fcr die Verarbeitung Verantwortliche verarbeitet personenbezogene Identifikationsdaten (z. B. [&hellip;]<\/p>\n","protected":false},"author":2,"featured_media":0,"parent":0,"menu_order":0,"comment_status":"closed","ping_status":"closed","template":"","meta":{"_et_pb_use_builder":"on","_et_pb_old_content":"","_et_gb_content_width":"","footnotes":""},"class_list":["post-2710","page","type-page","status-publish","hentry"],"yoast_head":"<!-- This site is optimized with the Yoast SEO plugin v27.4 - https:\/\/yoast.com\/product\/yoast-seo-wordpress\/ -->\n<title>Datenschutzbestimmungen - Sistemi di iperconvergenza OpenStor<\/title>\n<meta name=\"robots\" content=\"index, follow, max-snippet:-1, max-image-preview:large, max-video-preview:-1\" \/>\n<link rel=\"canonical\" href=\"https:\/\/www.openstor.net\/de\/datenschutzbestimmungen\/\" \/>\n<meta property=\"og:locale\" content=\"de_DE\" \/>\n<meta property=\"og:type\" content=\"article\" \/>\n<meta property=\"og:title\" content=\"Datenschutzbestimmungen - Sistemi di iperconvergenza OpenStor\" \/>\n<meta property=\"og:description\" content=\"Share Distribuzione Srl mit Sitz in San Giovanni Lupatoto (Vr), via Cesare Battisti, 242 CF und USt.-Nr. 02785080231 (im Folgenden &quot;Inhaber der Datenverarbeitung&quot;), in seiner Eigenschaft als Datenverarbeiter, informiert Sie, dass Ihre Daten auf folgende Weise und zu folgenden Zwecken verarbeitet werden: Gegenstand der Verarbeitung Der f\u00fcr die Verarbeitung Verantwortliche verarbeitet personenbezogene Identifikationsdaten (z. B. [&hellip;]\" \/>\n<meta property=\"og:url\" content=\"https:\/\/www.openstor.net\/de\/datenschutzbestimmungen\/\" \/>\n<meta property=\"og:site_name\" content=\"Sistemi di iperconvergenza OpenStor\" \/>\n<meta property=\"article:modified_time\" content=\"2024-01-26T11:39:11+00:00\" \/>\n<meta name=\"twitter:card\" content=\"summary_large_image\" \/>\n<meta name=\"twitter:label1\" content=\"Gesch\u00e4tzte Lesezeit\" \/>\n\t<meta name=\"twitter:data1\" content=\"6\u00a0Minuten\" \/>\n<script type=\"application\/ld+json\" class=\"yoast-schema-graph\">{\"@context\":\"https:\\\/\\\/schema.org\",\"@graph\":[{\"@type\":\"WebPage\",\"@id\":\"https:\\\/\\\/www.openstor.net\\\/de\\\/datenschutzbestimmungen\\\/\",\"url\":\"https:\\\/\\\/www.openstor.net\\\/de\\\/datenschutzbestimmungen\\\/\",\"name\":\"Datenschutzbestimmungen - Sistemi di iperconvergenza OpenStor\",\"isPartOf\":{\"@id\":\"https:\\\/\\\/www.openstor.net\\\/en\\\/#website\"},\"datePublished\":\"2023-12-15T15:23:10+00:00\",\"dateModified\":\"2024-01-26T11:39:11+00:00\",\"breadcrumb\":{\"@id\":\"https:\\\/\\\/www.openstor.net\\\/de\\\/datenschutzbestimmungen\\\/#breadcrumb\"},\"inLanguage\":\"de\",\"potentialAction\":[{\"@type\":\"ReadAction\",\"target\":[\"https:\\\/\\\/www.openstor.net\\\/de\\\/datenschutzbestimmungen\\\/\"]}]},{\"@type\":\"BreadcrumbList\",\"@id\":\"https:\\\/\\\/www.openstor.net\\\/de\\\/datenschutzbestimmungen\\\/#breadcrumb\",\"itemListElement\":[{\"@type\":\"ListItem\",\"position\":1,\"name\":\"Home\",\"item\":\"https:\\\/\\\/openstor.net\\\/\"},{\"@type\":\"ListItem\",\"position\":2,\"name\":\"Datenschutzbestimmungen\"}]},{\"@type\":\"WebSite\",\"@id\":\"https:\\\/\\\/www.openstor.net\\\/en\\\/#website\",\"url\":\"https:\\\/\\\/www.openstor.net\\\/en\\\/\",\"name\":\"Sistemi di iperconvergenza OpenStor\",\"description\":\"\",\"potentialAction\":[{\"@type\":\"SearchAction\",\"target\":{\"@type\":\"EntryPoint\",\"urlTemplate\":\"https:\\\/\\\/www.openstor.net\\\/en\\\/?s={search_term_string}\"},\"query-input\":{\"@type\":\"PropertyValueSpecification\",\"valueRequired\":true,\"valueName\":\"search_term_string\"}}],\"inLanguage\":\"de\"}]}<\/script>\n<!-- \/ Yoast SEO plugin. -->","yoast_head_json":{"title":"Datenschutzbestimmungen - Sistemi di iperconvergenza OpenStor","robots":{"index":"index","follow":"follow","max-snippet":"max-snippet:-1","max-image-preview":"max-image-preview:large","max-video-preview":"max-video-preview:-1"},"canonical":"https:\/\/www.openstor.net\/de\/datenschutzbestimmungen\/","og_locale":"de_DE","og_type":"article","og_title":"Datenschutzbestimmungen - Sistemi di iperconvergenza OpenStor","og_description":"Share Distribuzione Srl mit Sitz in San Giovanni Lupatoto (Vr), via Cesare Battisti, 242 CF und USt.-Nr. 02785080231 (im Folgenden \"Inhaber der Datenverarbeitung\"), in seiner Eigenschaft als Datenverarbeiter, informiert Sie, dass Ihre Daten auf folgende Weise und zu folgenden Zwecken verarbeitet werden: Gegenstand der Verarbeitung Der f\u00fcr die Verarbeitung Verantwortliche verarbeitet personenbezogene Identifikationsdaten (z. B. [&hellip;]","og_url":"https:\/\/www.openstor.net\/de\/datenschutzbestimmungen\/","og_site_name":"Sistemi di iperconvergenza OpenStor","article_modified_time":"2024-01-26T11:39:11+00:00","twitter_card":"summary_large_image","twitter_misc":{"Gesch\u00e4tzte Lesezeit":"6\u00a0Minuten"},"schema":{"@context":"https:\/\/schema.org","@graph":[{"@type":"WebPage","@id":"https:\/\/www.openstor.net\/de\/datenschutzbestimmungen\/","url":"https:\/\/www.openstor.net\/de\/datenschutzbestimmungen\/","name":"Datenschutzbestimmungen - Sistemi di iperconvergenza OpenStor","isPartOf":{"@id":"https:\/\/www.openstor.net\/en\/#website"},"datePublished":"2023-12-15T15:23:10+00:00","dateModified":"2024-01-26T11:39:11+00:00","breadcrumb":{"@id":"https:\/\/www.openstor.net\/de\/datenschutzbestimmungen\/#breadcrumb"},"inLanguage":"de","potentialAction":[{"@type":"ReadAction","target":["https:\/\/www.openstor.net\/de\/datenschutzbestimmungen\/"]}]},{"@type":"BreadcrumbList","@id":"https:\/\/www.openstor.net\/de\/datenschutzbestimmungen\/#breadcrumb","itemListElement":[{"@type":"ListItem","position":1,"name":"Home","item":"https:\/\/openstor.net\/"},{"@type":"ListItem","position":2,"name":"Datenschutzbestimmungen"}]},{"@type":"WebSite","@id":"https:\/\/www.openstor.net\/en\/#website","url":"https:\/\/www.openstor.net\/en\/","name":"Sistemi di iperconvergenza OpenStor","description":"","potentialAction":[{"@type":"SearchAction","target":{"@type":"EntryPoint","urlTemplate":"https:\/\/www.openstor.net\/en\/?s={search_term_string}"},"query-input":{"@type":"PropertyValueSpecification","valueRequired":true,"valueName":"search_term_string"}}],"inLanguage":"de"}]}},"_links":{"self":[{"href":"https:\/\/www.openstor.net\/de\/wp-json\/wp\/v2\/pages\/2710","targetHints":{"allow":["GET"]}}],"collection":[{"href":"https:\/\/www.openstor.net\/de\/wp-json\/wp\/v2\/pages"}],"about":[{"href":"https:\/\/www.openstor.net\/de\/wp-json\/wp\/v2\/types\/page"}],"author":[{"embeddable":true,"href":"https:\/\/www.openstor.net\/de\/wp-json\/wp\/v2\/users\/2"}],"replies":[{"embeddable":true,"href":"https:\/\/www.openstor.net\/de\/wp-json\/wp\/v2\/comments?post=2710"}],"version-history":[{"count":5,"href":"https:\/\/www.openstor.net\/de\/wp-json\/wp\/v2\/pages\/2710\/revisions"}],"predecessor-version":[{"id":2715,"href":"https:\/\/www.openstor.net\/de\/wp-json\/wp\/v2\/pages\/2710\/revisions\/2715"}],"wp:attachment":[{"href":"https:\/\/www.openstor.net\/de\/wp-json\/wp\/v2\/media?parent=2710"}],"curies":[{"name":"wp","href":"https:\/\/api.w.org\/{rel}","templated":true}]}}